{"id":6526,"date":"2023-04-06T14:14:43","date_gmt":"2023-04-06T11:14:43","guid":{"rendered":"https:\/\/www.sarcina.com.tr\/?page_id=6526"},"modified":"2023-07-03T17:14:39","modified_gmt":"2023-07-03T14:14:39","slug":"lojistik-cozumlerimiz","status":"publish","type":"page","link":"https:\/\/www.sarcina.com.tr\/eng\/lojistik-cozumlerimiz\/","title":{"rendered":"Lojistik \u00c7\u00f6z\u00fcmlerimiz"},"content":{"rendered":"","protected":false},"excerpt":{"rendered":"","protected":false},"author":1,"featured_media":0,"parent":0,"menu_order":0,"comment_status":"closed","ping_status":"closed","template":"","meta":{"_monsterinsights_skip_tracking":false,"_monsterinsights_sitenote_active":false,"_monsterinsights_sitenote_note":"","_monsterinsights_sitenote_category":0,"_uf_show_specific_survey":0,"_uf_disable_surveys":false,"footnotes":""},"class_list":["post-6526","page","type-page","status-publish","hentry"],"_links":{"self":[{"href":"https:\/\/www.sarcina.com.tr\/eng\/wp-json\/wp\/v2\/pages\/6526"}],"collection":[{"href":"https:\/\/www.sarcina.com.tr\/eng\/wp-json\/wp\/v2\/pages"}],"about":[{"href":"https:\/\/www.sarcina.com.tr\/eng\/wp-json\/wp\/v2\/types\/page"}],"author":[{"embeddable":true,"href":"https:\/\/www.sarcina.com.tr\/eng\/wp-json\/wp\/v2\/users\/1"}],"replies":[{"embeddable":true,"href":"https:\/\/www.sarcina.com.tr\/eng\/wp-json\/wp\/v2\/comments?post=6526"}],"version-history":[{"count":1,"href":"https:\/\/www.sarcina.com.tr\/eng\/wp-json\/wp\/v2\/pages\/6526\/revisions"}],"predecessor-version":[{"id":6527,"href":"https:\/\/www.sarcina.com.tr\/eng\/wp-json\/wp\/v2\/pages\/6526\/revisions\/6527"}],"wp:attachment":[{"href":"https:\/\/www.sarcina.com.tr\/eng\/wp-json\/wp\/v2\/media?parent=6526"}],"curies":[{"name":"wp","href":"https:\/\/api.w.org\/{rel}","templated":true}]}}