{"id":6521,"date":"2023-04-06T12:31:26","date_gmt":"2023-04-06T09:31:26","guid":{"rendered":"https:\/\/www.sarcina.com.tr\/?page_id=6521"},"modified":"2025-03-10T07:56:46","modified_gmt":"2025-03-10T07:56:46","slug":"koli-bandi-cift-tarafli-bant-maskeleme-bantlari","status":"publish","type":"page","link":"https:\/\/www.sarcina.com.tr\/eng\/koli-bandi-cift-tarafli-bant-maskeleme-bantlari\/","title":{"rendered":"Koli Band\u0131, \u00c7ift Tarafl\u0131 Bant ve Maskeleme Bantlar\u0131"},"content":{"rendered":"","protected":false},"excerpt":{"rendered":"","protected":false},"author":1,"featured_media":6523,"parent":0,"menu_order":0,"comment_status":"closed","ping_status":"closed","template":"","meta":{"_monsterinsights_skip_tracking":false,"_monsterinsights_sitenote_active":false,"_monsterinsights_sitenote_note":"","_monsterinsights_sitenote_category":0,"_uf_show_specific_survey":0,"_uf_disable_surveys":false,"footnotes":""},"class_list":["post-6521","page","type-page","status-publish","has-post-thumbnail","hentry"],"_links":{"self":[{"href":"https:\/\/www.sarcina.com.tr\/eng\/wp-json\/wp\/v2\/pages\/6521"}],"collection":[{"href":"https:\/\/www.sarcina.com.tr\/eng\/wp-json\/wp\/v2\/pages"}],"about":[{"href":"https:\/\/www.sarcina.com.tr\/eng\/wp-json\/wp\/v2\/types\/page"}],"author":[{"embeddable":true,"href":"https:\/\/www.sarcina.com.tr\/eng\/wp-json\/wp\/v2\/users\/1"}],"replies":[{"embeddable":true,"href":"https:\/\/www.sarcina.com.tr\/eng\/wp-json\/wp\/v2\/comments?post=6521"}],"version-history":[{"count":1,"href":"https:\/\/www.sarcina.com.tr\/eng\/wp-json\/wp\/v2\/pages\/6521\/revisions"}],"predecessor-version":[{"id":6522,"href":"https:\/\/www.sarcina.com.tr\/eng\/wp-json\/wp\/v2\/pages\/6521\/revisions\/6522"}],"wp:featuredmedia":[{"embeddable":true,"href":"https:\/\/www.sarcina.com.tr\/eng\/wp-json\/wp\/v2\/media\/6523"}],"wp:attachment":[{"href":"https:\/\/www.sarcina.com.tr\/eng\/wp-json\/wp\/v2\/media?parent=6521"}],"curies":[{"name":"wp","href":"https:\/\/api.w.org\/{rel}","templated":true}]}}